{"id":1335,"date":"2021-05-23T01:41:30","date_gmt":"2021-05-23T01:41:30","guid":{"rendered":"https:\/\/diazloayza.cl\/?page_id=1335"},"modified":"2021-06-08T00:31:48","modified_gmt":"2021-06-08T00:31:48","slug":"recursos","status":"publish","type":"page","link":"https:\/\/diazloayza.cl\/index.php\/recursos\/","title":{"rendered":"Recursos"},"content":{"rendered":"\t\t<div data-elementor-type=\"wp-page\" data-elementor-id=\"1335\" class=\"elementor elementor-1335\">\n\t\t\t\t\t\t<section class=\"elementor-section elementor-top-section elementor-element elementor-element-1db2f298 elementor-section-full_width elementor-section-height-full elementor-section-stretched elementor-section-height-default elementor-section-items-middle elementor-invisible\" data-id=\"1db2f298\" data-element_type=\"section\" data-settings=\"{&quot;background_background&quot;:&quot;classic&quot;,&quot;animation&quot;:&quot;fadeIn&quot;,&quot;stretch_section&quot;:&quot;section-stretched&quot;}\">\n\t\t\t\t\t\t\t<div class=\"elementor-background-overlay\"><\/div>\n\t\t\t\t\t\t\t<div class=\"elementor-container elementor-column-gap-default\">\n\t\t\t\t\t<div class=\"elementor-column elementor-col-100 elementor-top-column elementor-element elementor-element-559e341\" data-id=\"559e341\" data-element_type=\"column\">\n\t\t\t<div class=\"elementor-widget-wrap elementor-element-populated\">\n\t\t\t\t\t\t<section class=\"elementor-section elementor-inner-section elementor-element elementor-element-376fe58 elementor-section-boxed elementor-section-height-default elementor-section-height-default\" data-id=\"376fe58\" data-element_type=\"section\">\n\t\t\t\t\t\t<div class=\"elementor-container elementor-column-gap-default\">\n\t\t\t\t\t<div class=\"elementor-column elementor-col-33 elementor-inner-column elementor-element elementor-element-73657b55\" data-id=\"73657b55\" data-element_type=\"column\">\n\t\t\t<div class=\"elementor-widget-wrap\">\n\t\t\t\t\t\t\t<\/div>\n\t\t<\/div>\n\t\t\t\t<div class=\"elementor-column elementor-col-33 elementor-inner-column elementor-element elementor-element-395b495f\" data-id=\"395b495f\" data-element_type=\"column\">\n\t\t\t<div class=\"elementor-widget-wrap\">\n\t\t\t\t\t\t\t<\/div>\n\t\t<\/div>\n\t\t\t\t<div class=\"elementor-column elementor-col-33 elementor-inner-column elementor-element elementor-element-7693c39f\" data-id=\"7693c39f\" data-element_type=\"column\">\n\t\t\t<div class=\"elementor-widget-wrap elementor-element-populated\">\n\t\t\t\t\t\t<div class=\"elementor-element elementor-element-73cfbeab elementor-widget elementor-widget-button\" data-id=\"73cfbeab\" data-element_type=\"widget\" data-widget_type=\"button.default\">\n\t\t\t\t<div class=\"elementor-widget-container\">\n\t\t\t\t\t\t\t\t\t<div class=\"elementor-button-wrapper\">\n\t\t\t\t\t<a class=\"elementor-button elementor-button-link elementor-size-sm\" href=\"https:\/\/diazloayza.cl\/index.php\/agendarhora\/\">\n\t\t\t\t\t\t<span class=\"elementor-button-content-wrapper\">\n\t\t\t\t\t\t\t\t\t<span class=\"elementor-button-text\">agenda una hora<\/span>\n\t\t\t\t\t<\/span>\n\t\t\t\t\t<\/a>\n\t\t\t\t<\/div>\n\t\t\t\t\t\t\t\t<\/div>\n\t\t\t\t<\/div>\n\t\t\t\t\t<\/div>\n\t\t<\/div>\n\t\t\t\t\t<\/div>\n\t\t<\/section>\n\t\t\t\t<div class=\"elementor-element elementor-element-d544073 elementor-widget elementor-widget-spacer\" data-id=\"d544073\" data-element_type=\"widget\" data-widget_type=\"spacer.default\">\n\t\t\t\t<div class=\"elementor-widget-container\">\n\t\t\t\t\t\t\t<div class=\"elementor-spacer\">\n\t\t\t<div class=\"elementor-spacer-inner\"><\/div>\n\t\t<\/div>\n\t\t\t\t\t\t<\/div>\n\t\t\t\t<\/div>\n\t\t\t\t<div class=\"elementor-element elementor-element-46763d72 elementor-widget__width-inherit elementor-invisible elementor-widget elementor-widget-heading\" data-id=\"46763d72\" data-element_type=\"widget\" data-settings=\"{&quot;_animation&quot;:&quot;fadeInUp&quot;}\" data-widget_type=\"heading.default\">\n\t\t\t\t<div class=\"elementor-widget-container\">\n\t\t\t\t\t<h2 class=\"elementor-heading-title elementor-size-default\">Recursos<\/h2>\t\t\t\t<\/div>\n\t\t\t\t<\/div>\n\t\t\t\t<div class=\"elementor-element elementor-element-60518c59 elementor-invisible elementor-widget elementor-widget-text-editor\" data-id=\"60518c59\" data-element_type=\"widget\" data-settings=\"{&quot;_animation&quot;:&quot;fadeInUp&quot;}\" data-widget_type=\"text-editor.default\">\n\t\t\t\t<div class=\"elementor-widget-container\">\n\t\t\t\t\t\t\t\t\t<p>En esta secci\u00f3n ofrecemos a nuestros visitantes un par de utilidades que le permitir\u00e1n evaluar su situaci\u00f3n patrimonial y obtener algunos consejos generales frente a una eventual ejecuci\u00f3n fiscal.\u00a0<\/p>\t\t\t\t\t\t\t\t<\/div>\n\t\t\t\t<\/div>\n\t\t\t\t<div class=\"elementor-element elementor-element-76843a3d elementor-align-center elementor-invisible elementor-widget elementor-widget-button\" data-id=\"76843a3d\" data-element_type=\"widget\" data-settings=\"{&quot;_animation&quot;:&quot;fadeInUp&quot;}\" data-widget_type=\"button.default\">\n\t\t\t\t<div class=\"elementor-widget-container\">\n\t\t\t\t\t\t\t\t\t<div class=\"elementor-button-wrapper\">\n\t\t\t\t\t<a class=\"elementor-button elementor-button-link elementor-size-sm\" href=\"https:\/\/diazloayza.cl\/index.php\/recursos\/#rq\">\n\t\t\t\t\t\t<span class=\"elementor-button-content-wrapper\">\n\t\t\t\t\t\t\t\t\t<span class=\"elementor-button-text\">ir a los recursos<\/span>\n\t\t\t\t\t<\/span>\n\t\t\t\t\t<\/a>\n\t\t\t\t<\/div>\n\t\t\t\t\t\t\t\t<\/div>\n\t\t\t\t<\/div>\n\t\t\t\t\t<\/div>\n\t\t<\/div>\n\t\t\t\t\t<\/div>\n\t\t<\/section>\n\t\t\t\t<section class=\"elementor-section elementor-top-section elementor-element elementor-element-fc8b003 elementor-section-boxed elementor-section-height-default elementor-section-height-default\" data-id=\"fc8b003\" data-element_type=\"section\">\n\t\t\t\t\t\t<div class=\"elementor-container elementor-column-gap-default\">\n\t\t\t\t\t<div class=\"elementor-column elementor-col-100 elementor-top-column elementor-element elementor-element-d7d43f2\" data-id=\"d7d43f2\" data-element_type=\"column\">\n\t\t\t<div class=\"elementor-widget-wrap elementor-element-populated\">\n\t\t\t\t\t\t<div class=\"elementor-element elementor-element-9f739b6 elementor-widget elementor-widget-menu-anchor\" data-id=\"9f739b6\" data-element_type=\"widget\" data-widget_type=\"menu-anchor.default\">\n\t\t\t\t<div class=\"elementor-widget-container\">\n\t\t\t\t\t\t\t<div class=\"elementor-menu-anchor\" id=\"rq\"><\/div>\n\t\t\t\t\t\t<\/div>\n\t\t\t\t<\/div>\n\t\t\t\t\t<\/div>\n\t\t<\/div>\n\t\t\t\t\t<\/div>\n\t\t<\/section>\n\t\t\t\t<section class=\"elementor-section elementor-top-section elementor-element elementor-element-125ee2d8 elementor-section-boxed elementor-section-height-default elementor-section-height-default elementor-invisible\" data-id=\"125ee2d8\" data-element_type=\"section\" data-settings=\"{&quot;background_background&quot;:&quot;classic&quot;,&quot;animation&quot;:&quot;fadeInUp&quot;}\">\n\t\t\t\t\t\t<div class=\"elementor-container elementor-column-gap-default\">\n\t\t\t\t\t<div class=\"elementor-column elementor-col-100 elementor-top-column elementor-element elementor-element-736c4609 elementor-invisible\" data-id=\"736c4609\" data-element_type=\"column\" data-settings=\"{&quot;animation&quot;:&quot;fadeInUp&quot;}\">\n\t\t\t<div class=\"elementor-widget-wrap elementor-element-populated\">\n\t\t\t\t\t\t<section class=\"elementor-section elementor-inner-section elementor-element elementor-element-49a79b4f elementor-section-boxed elementor-section-height-default elementor-section-height-default\" data-id=\"49a79b4f\" data-element_type=\"section\">\n\t\t\t\t\t\t<div class=\"elementor-container elementor-column-gap-default\">\n\t\t\t\t\t<div class=\"elementor-column elementor-col-50 elementor-inner-column elementor-element elementor-element-3d792b56 elementor-invisible\" data-id=\"3d792b56\" data-element_type=\"column\" data-settings=\"{&quot;animation&quot;:&quot;fadeInLeft&quot;,&quot;background_background&quot;:&quot;classic&quot;}\">\n\t\t\t<div class=\"elementor-widget-wrap elementor-element-populated\">\n\t\t\t\t\t\t<div class=\"elementor-element elementor-element-31f09a31 elementor-widget elementor-widget-heading\" data-id=\"31f09a31\" data-element_type=\"widget\" data-widget_type=\"heading.default\">\n\t\t\t\t<div class=\"elementor-widget-container\">\n\t\t\t\t\t<h5 class=\"elementor-heading-title elementor-size-default\">Test de Insolvencia<\/h5>\t\t\t\t<\/div>\n\t\t\t\t<\/div>\n\t\t\t\t<div class=\"elementor-element elementor-element-423e5885 elementor-widget elementor-widget-text-editor\" data-id=\"423e5885\" data-element_type=\"widget\" data-widget_type=\"text-editor.default\">\n\t\t\t\t<div class=\"elementor-widget-container\">\n\t\t\t\t\t\t\t\t\t<p>Este test est\u00e1 especialmente formulado para ayudar a nuestros visitantes a saber si es que est\u00e1n en una situaci\u00f3n de insolvencia. El presente test no constituye una opini\u00f3n profesional de un caso particular.\u00a0<\/p>\t\t\t\t\t\t\t\t<\/div>\n\t\t\t\t<\/div>\n\t\t\t\t<div class=\"elementor-element elementor-element-754f7bf3 elementor-widget elementor-widget-button\" data-id=\"754f7bf3\" data-element_type=\"widget\" data-widget_type=\"button.default\">\n\t\t\t\t<div class=\"elementor-widget-container\">\n\t\t\t\t\t\t\t\t\t<div class=\"elementor-button-wrapper\">\n\t\t\t\t\t<a class=\"elementor-button elementor-button-link elementor-size-sm\" href=\"https:\/\/diazloayza.cl\/index.php\/test-de-insolvencia\/\">\n\t\t\t\t\t\t<span class=\"elementor-button-content-wrapper\">\n\t\t\t\t\t\t\t\t\t<span class=\"elementor-button-text\">ir al test<\/span>\n\t\t\t\t\t<\/span>\n\t\t\t\t\t<\/a>\n\t\t\t\t<\/div>\n\t\t\t\t\t\t\t\t<\/div>\n\t\t\t\t<\/div>\n\t\t\t\t\t<\/div>\n\t\t<\/div>\n\t\t\t\t<div class=\"elementor-column elementor-col-50 elementor-inner-column elementor-element elementor-element-1a25c6bd elementor-invisible\" data-id=\"1a25c6bd\" data-element_type=\"column\" data-settings=\"{&quot;animation&quot;:&quot;fadeInLeft&quot;,&quot;background_background&quot;:&quot;classic&quot;}\">\n\t\t\t<div class=\"elementor-widget-wrap elementor-element-populated\">\n\t\t\t\t\t\t<div class=\"elementor-element elementor-element-67636584 elementor-widget elementor-widget-heading\" data-id=\"67636584\" data-element_type=\"widget\" data-widget_type=\"heading.default\">\n\t\t\t\t<div class=\"elementor-widget-container\">\n\t\t\t\t\t<h5 class=\"elementor-heading-title elementor-size-default\">Consejos \u00datiles\n(Informaci\u00f3n, datos y orientaci\u00f3n en caso de urgencias)<\/h5>\t\t\t\t<\/div>\n\t\t\t\t<\/div>\n\t\t\t\t<div class=\"elementor-element elementor-element-4bf88709 elementor-widget elementor-widget-text-editor\" data-id=\"4bf88709\" data-element_type=\"widget\" data-widget_type=\"text-editor.default\">\n\t\t\t\t<div class=\"elementor-widget-container\">\n\t\t\t\t\t\t\t\t\t<p>A continuaci\u00f3n ofrecemos un breve conjunto de consejos, datos y orientaciones que en caso de urgencia pueden dar un poco de tranquilidad inicial y que, en todo caso, nunca est\u00e1 de m\u00e1s conocer.<\/p>\t\t\t\t\t\t\t\t<\/div>\n\t\t\t\t<\/div>\n\t\t\t\t<div class=\"elementor-element elementor-element-7b56e493 elementor-widget elementor-widget-button\" data-id=\"7b56e493\" data-element_type=\"widget\" data-widget_type=\"button.default\">\n\t\t\t\t<div class=\"elementor-widget-container\">\n\t\t\t\t\t\t\t\t\t<div class=\"elementor-button-wrapper\">\n\t\t\t\t\t<a class=\"elementor-button elementor-button-link elementor-size-sm\" href=\"https:\/\/diazloayza.cl\/index.php\/consejos-utiles\/\">\n\t\t\t\t\t\t<span class=\"elementor-button-content-wrapper\">\n\t\t\t\t\t\t\t\t\t<span class=\"elementor-button-text\">leer m\u00e1s<\/span>\n\t\t\t\t\t<\/span>\n\t\t\t\t\t<\/a>\n\t\t\t\t<\/div>\n\t\t\t\t\t\t\t\t<\/div>\n\t\t\t\t<\/div>\n\t\t\t\t\t<\/div>\n\t\t<\/div>\n\t\t\t\t\t<\/div>\n\t\t<\/section>\n\t\t\t\t\t<\/div>\n\t\t<\/div>\n\t\t\t\t\t<\/div>\n\t\t<\/section>\n\t\t\t\t<section class=\"elementor-section elementor-top-section elementor-element elementor-element-48d21b3f elementor-section-content-middle elementor-section-boxed elementor-section-height-default elementor-section-height-default\" data-id=\"48d21b3f\" data-element_type=\"section\" data-settings=\"{&quot;background_background&quot;:&quot;classic&quot;}\">\n\t\t\t\t\t\t\t<div class=\"elementor-background-overlay\"><\/div>\n\t\t\t\t\t\t\t<div class=\"elementor-container elementor-column-gap-no\">\n\t\t\t\t\t<div class=\"elementor-column elementor-col-100 elementor-top-column elementor-element elementor-element-7b168323\" data-id=\"7b168323\" data-element_type=\"column\">\n\t\t\t<div class=\"elementor-widget-wrap elementor-element-populated\">\n\t\t\t\t\t\t<div class=\"elementor-element elementor-element-5ec953e elementor-invisible elementor-widget elementor-widget-heading\" data-id=\"5ec953e\" data-element_type=\"widget\" data-settings=\"{&quot;_animation&quot;:&quot;fadeInLeft&quot;}\" data-widget_type=\"heading.default\">\n\t\t\t\t<div class=\"elementor-widget-container\">\n\t\t\t\t\t<h4 class=\"elementor-heading-title elementor-size-xxl\">\u00bfEn problemas?<\/h4>\t\t\t\t<\/div>\n\t\t\t\t<\/div>\n\t\t\t\t<div class=\"elementor-element elementor-element-7ba5d53 elementor-align-center elementor-invisible elementor-widget elementor-widget-button\" data-id=\"7ba5d53\" data-element_type=\"widget\" data-settings=\"{&quot;_animation&quot;:&quot;fadeInRight&quot;}\" data-widget_type=\"button.default\">\n\t\t\t\t<div class=\"elementor-widget-container\">\n\t\t\t\t\t\t\t\t\t<div class=\"elementor-button-wrapper\">\n\t\t\t\t\t<a class=\"elementor-button elementor-button-link elementor-size-sm\" href=\"https:\/\/diazloayza.cl\/index.php\/agendarhora\/\">\n\t\t\t\t\t\t<span class=\"elementor-button-content-wrapper\">\n\t\t\t\t\t\t\t\t\t<span class=\"elementor-button-text\">agenda una asesor\u00eda<\/span>\n\t\t\t\t\t<\/span>\n\t\t\t\t\t<\/a>\n\t\t\t\t<\/div>\n\t\t\t\t\t\t\t\t<\/div>\n\t\t\t\t<\/div>\n\t\t\t\t\t<\/div>\n\t\t<\/div>\n\t\t\t\t\t<\/div>\n\t\t<\/section>\n\t\t\t\t<\/div>\n\t\t","protected":false},"excerpt":{"rendered":"<p>Nosotros \u00c1rea de Pr\u00e1ctica Servicios Pol\u00edtica de Servicios Recursos Test de Insolvencia Consejos \u00datiles Publicaciones Blog Contacto agenda una hora Recursos En esta secci\u00f3n ofrecemos a nuestros visitantes un par de utilidades que le permitir\u00e1n evaluar su situaci\u00f3n patrimonial y obtener algunos consejos generales frente a una eventual ejecuci\u00f3n fiscal.\u00a0 ir a los recursos Test [&hellip;]<\/p>\n","protected":false},"author":1,"featured_media":0,"parent":0,"menu_order":0,"comment_status":"closed","ping_status":"closed","template":"elementor_canvas","meta":{"site-sidebar-layout":"no-sidebar","site-content-layout":"page-builder","ast-site-content-layout":"","site-content-style":"default","site-sidebar-style":"default","ast-global-header-display":"","ast-banner-title-visibility":"","ast-main-header-display":"","ast-hfb-above-header-display":"","ast-hfb-below-header-display":"","ast-hfb-mobile-header-display":"","site-post-title":"disabled","ast-breadcrumbs-content":"","ast-featured-img":"disabled","footer-sml-layout":"","theme-transparent-header-meta":"default","adv-header-id-meta":"","stick-header-meta":"","header-above-stick-meta":"","header-main-stick-meta":"","header-below-stick-meta":"","astra-migrate-meta-layouts":"default","ast-page-background-enabled":"default","ast-page-background-meta":{"desktop":{"background-color":"","background-image":"","background-repeat":"repeat","background-position":"center center","background-size":"auto","background-attachment":"scroll","background-type":"","background-media":"","overlay-type":"","overlay-color":"","overlay-opacity":"","overlay-gradient":""},"tablet":{"background-color":"","background-image":"","background-repeat":"repeat","background-position":"center center","background-size":"auto","background-attachment":"scroll","background-type":"","background-media":"","overlay-type":"","overlay-color":"","overlay-opacity":"","overlay-gradient":""},"mobile":{"background-color":"","background-image":"","background-repeat":"repeat","background-position":"center center","background-size":"auto","background-attachment":"scroll","background-type":"","background-media":"","overlay-type":"","overlay-color":"","overlay-opacity":"","overlay-gradient":""}},"ast-content-background-meta":{"desktop":{"background-color":"var(--ast-global-color-5)","background-image":"","background-repeat":"repeat","background-position":"center center","background-size":"auto","background-attachment":"scroll","background-type":"","background-media":"","overlay-type":"","overlay-color":"","overlay-opacity":"","overlay-gradient":""},"tablet":{"background-color":"var(--ast-global-color-5)","background-image":"","background-repeat":"repeat","background-position":"center center","background-size":"auto","background-attachment":"scroll","background-type":"","background-media":"","overlay-type":"","overlay-color":"","overlay-opacity":"","overlay-gradient":""},"mobile":{"background-color":"var(--ast-global-color-5)","background-image":"","background-repeat":"repeat","background-position":"center center","background-size":"auto","background-attachment":"scroll","background-type":"","background-media":"","overlay-type":"","overlay-color":"","overlay-opacity":"","overlay-gradient":""}},"footnotes":""},"class_list":["post-1335","page","type-page","status-publish","hentry"],"yoast_head":"<!-- This site is optimized with the Yoast SEO plugin v27.1.1 - https:\/\/yoast.com\/product\/yoast-seo-wordpress\/ -->\n<title>Recursos - Diaz Loayza Abogado<\/title>\n<meta name=\"robots\" content=\"index, follow, max-snippet:-1, max-image-preview:large, max-video-preview:-1\" \/>\n<link rel=\"canonical\" href=\"https:\/\/diazloayza.cl\/index.php\/recursos\/\" \/>\n<meta property=\"og:locale\" content=\"es_ES\" \/>\n<meta property=\"og:type\" content=\"article\" \/>\n<meta property=\"og:title\" content=\"Recursos - Diaz Loayza Abogado\" \/>\n<meta property=\"og:description\" content=\"Nosotros \u00c1rea de Pr\u00e1ctica Servicios Pol\u00edtica de Servicios Recursos Test de Insolvencia Consejos \u00datiles Publicaciones Blog Contacto agenda una hora Recursos En esta secci\u00f3n ofrecemos a nuestros visitantes un par de utilidades que le permitir\u00e1n evaluar su situaci\u00f3n patrimonial y obtener algunos consejos generales frente a una eventual ejecuci\u00f3n fiscal.\u00a0 ir a los recursos Test [&hellip;]\" \/>\n<meta property=\"og:url\" content=\"https:\/\/diazloayza.cl\/index.php\/recursos\/\" \/>\n<meta property=\"og:site_name\" content=\"Diaz Loayza Abogado\" \/>\n<meta property=\"article:modified_time\" content=\"2021-06-08T00:31:48+00:00\" \/>\n<meta property=\"og:image\" content=\"http:\/\/diazloayza.cl\/wp-content\/uploads\/2021\/03\/Logo2021-abogado-768x295.png\" \/>\n<meta name=\"twitter:card\" content=\"summary_large_image\" \/>\n<meta name=\"twitter:label1\" content=\"Tiempo de lectura\" \/>\n\t<meta name=\"twitter:data1\" content=\"1 minuto\" \/>\n<script type=\"application\/ld+json\" class=\"yoast-schema-graph\">{\"@context\":\"https:\/\/schema.org\",\"@graph\":[{\"@type\":\"WebPage\",\"@id\":\"https:\/\/diazloayza.cl\/index.php\/recursos\/\",\"url\":\"https:\/\/diazloayza.cl\/index.php\/recursos\/\",\"name\":\"Recursos - Diaz Loayza Abogado\",\"isPartOf\":{\"@id\":\"https:\/\/diazloayza.cl\/#website\"},\"primaryImageOfPage\":{\"@id\":\"https:\/\/diazloayza.cl\/index.php\/recursos\/#primaryimage\"},\"image\":{\"@id\":\"https:\/\/diazloayza.cl\/index.php\/recursos\/#primaryimage\"},\"thumbnailUrl\":\"http:\/\/diazloayza.cl\/wp-content\/uploads\/2021\/03\/Logo2021-abogado-768x295.png\",\"datePublished\":\"2021-05-23T01:41:30+00:00\",\"dateModified\":\"2021-06-08T00:31:48+00:00\",\"breadcrumb\":{\"@id\":\"https:\/\/diazloayza.cl\/index.php\/recursos\/#breadcrumb\"},\"inLanguage\":\"es\",\"potentialAction\":[{\"@type\":\"ReadAction\",\"target\":[\"https:\/\/diazloayza.cl\/index.php\/recursos\/\"]}]},{\"@type\":\"ImageObject\",\"inLanguage\":\"es\",\"@id\":\"https:\/\/diazloayza.cl\/index.php\/recursos\/#primaryimage\",\"url\":\"http:\/\/diazloayza.cl\/wp-content\/uploads\/2021\/03\/Logo2021-abogado-768x295.png\",\"contentUrl\":\"http:\/\/diazloayza.cl\/wp-content\/uploads\/2021\/03\/Logo2021-abogado-768x295.png\"},{\"@type\":\"BreadcrumbList\",\"@id\":\"https:\/\/diazloayza.cl\/index.php\/recursos\/#breadcrumb\",\"itemListElement\":[{\"@type\":\"ListItem\",\"position\":1,\"name\":\"Portada\",\"item\":\"https:\/\/diazloayza.cl\/\"},{\"@type\":\"ListItem\",\"position\":2,\"name\":\"Recursos\"}]},{\"@type\":\"WebSite\",\"@id\":\"https:\/\/diazloayza.cl\/#website\",\"url\":\"https:\/\/diazloayza.cl\/\",\"name\":\"D\u00edaz Loayza Estudio Jur\u00eddico\",\"description\":\"Estudio Jur\u00eddico\",\"publisher\":{\"@id\":\"https:\/\/diazloayza.cl\/#organization\"},\"potentialAction\":[{\"@type\":\"SearchAction\",\"target\":{\"@type\":\"EntryPoint\",\"urlTemplate\":\"https:\/\/diazloayza.cl\/?s={search_term_string}\"},\"query-input\":{\"@type\":\"PropertyValueSpecification\",\"valueRequired\":true,\"valueName\":\"search_term_string\"}}],\"inLanguage\":\"es\"},{\"@type\":\"Organization\",\"@id\":\"https:\/\/diazloayza.cl\/#organization\",\"name\":\"Estudio Jur\u00eddico D\u00edaz Loayza\",\"url\":\"https:\/\/diazloayza.cl\/\",\"logo\":{\"@type\":\"ImageObject\",\"inLanguage\":\"es\",\"@id\":\"https:\/\/diazloayza.cl\/#\/schema\/logo\/image\/\",\"url\":\"http:\/\/diazloayza.cl\/wp-content\/uploads\/2021\/10\/Logo2021-abogado-1024x393-1.png\",\"contentUrl\":\"http:\/\/diazloayza.cl\/wp-content\/uploads\/2021\/10\/Logo2021-abogado-1024x393-1.png\",\"width\":1024,\"height\":393,\"caption\":\"Estudio Jur\u00eddico D\u00edaz Loayza\"},\"image\":{\"@id\":\"https:\/\/diazloayza.cl\/#\/schema\/logo\/image\/\"}}]}<\/script>\n<!-- \/ Yoast SEO plugin. -->","yoast_head_json":{"title":"Recursos - Diaz Loayza Abogado","robots":{"index":"index","follow":"follow","max-snippet":"max-snippet:-1","max-image-preview":"max-image-preview:large","max-video-preview":"max-video-preview:-1"},"canonical":"https:\/\/diazloayza.cl\/index.php\/recursos\/","og_locale":"es_ES","og_type":"article","og_title":"Recursos - Diaz Loayza Abogado","og_description":"Nosotros \u00c1rea de Pr\u00e1ctica Servicios Pol\u00edtica de Servicios Recursos Test de Insolvencia Consejos \u00datiles Publicaciones Blog Contacto agenda una hora Recursos En esta secci\u00f3n ofrecemos a nuestros visitantes un par de utilidades que le permitir\u00e1n evaluar su situaci\u00f3n patrimonial y obtener algunos consejos generales frente a una eventual ejecuci\u00f3n fiscal.\u00a0 ir a los recursos Test [&hellip;]","og_url":"https:\/\/diazloayza.cl\/index.php\/recursos\/","og_site_name":"Diaz Loayza Abogado","article_modified_time":"2021-06-08T00:31:48+00:00","og_image":[{"url":"http:\/\/diazloayza.cl\/wp-content\/uploads\/2021\/03\/Logo2021-abogado-768x295.png","type":"","width":"","height":""}],"twitter_card":"summary_large_image","twitter_misc":{"Tiempo de lectura":"1 minuto"},"schema":{"@context":"https:\/\/schema.org","@graph":[{"@type":"WebPage","@id":"https:\/\/diazloayza.cl\/index.php\/recursos\/","url":"https:\/\/diazloayza.cl\/index.php\/recursos\/","name":"Recursos - Diaz Loayza Abogado","isPartOf":{"@id":"https:\/\/diazloayza.cl\/#website"},"primaryImageOfPage":{"@id":"https:\/\/diazloayza.cl\/index.php\/recursos\/#primaryimage"},"image":{"@id":"https:\/\/diazloayza.cl\/index.php\/recursos\/#primaryimage"},"thumbnailUrl":"http:\/\/diazloayza.cl\/wp-content\/uploads\/2021\/03\/Logo2021-abogado-768x295.png","datePublished":"2021-05-23T01:41:30+00:00","dateModified":"2021-06-08T00:31:48+00:00","breadcrumb":{"@id":"https:\/\/diazloayza.cl\/index.php\/recursos\/#breadcrumb"},"inLanguage":"es","potentialAction":[{"@type":"ReadAction","target":["https:\/\/diazloayza.cl\/index.php\/recursos\/"]}]},{"@type":"ImageObject","inLanguage":"es","@id":"https:\/\/diazloayza.cl\/index.php\/recursos\/#primaryimage","url":"http:\/\/diazloayza.cl\/wp-content\/uploads\/2021\/03\/Logo2021-abogado-768x295.png","contentUrl":"http:\/\/diazloayza.cl\/wp-content\/uploads\/2021\/03\/Logo2021-abogado-768x295.png"},{"@type":"BreadcrumbList","@id":"https:\/\/diazloayza.cl\/index.php\/recursos\/#breadcrumb","itemListElement":[{"@type":"ListItem","position":1,"name":"Portada","item":"https:\/\/diazloayza.cl\/"},{"@type":"ListItem","position":2,"name":"Recursos"}]},{"@type":"WebSite","@id":"https:\/\/diazloayza.cl\/#website","url":"https:\/\/diazloayza.cl\/","name":"D\u00edaz Loayza Estudio Jur\u00eddico","description":"Estudio Jur\u00eddico","publisher":{"@id":"https:\/\/diazloayza.cl\/#organization"},"potentialAction":[{"@type":"SearchAction","target":{"@type":"EntryPoint","urlTemplate":"https:\/\/diazloayza.cl\/?s={search_term_string}"},"query-input":{"@type":"PropertyValueSpecification","valueRequired":true,"valueName":"search_term_string"}}],"inLanguage":"es"},{"@type":"Organization","@id":"https:\/\/diazloayza.cl\/#organization","name":"Estudio Jur\u00eddico D\u00edaz Loayza","url":"https:\/\/diazloayza.cl\/","logo":{"@type":"ImageObject","inLanguage":"es","@id":"https:\/\/diazloayza.cl\/#\/schema\/logo\/image\/","url":"http:\/\/diazloayza.cl\/wp-content\/uploads\/2021\/10\/Logo2021-abogado-1024x393-1.png","contentUrl":"http:\/\/diazloayza.cl\/wp-content\/uploads\/2021\/10\/Logo2021-abogado-1024x393-1.png","width":1024,"height":393,"caption":"Estudio Jur\u00eddico D\u00edaz Loayza"},"image":{"@id":"https:\/\/diazloayza.cl\/#\/schema\/logo\/image\/"}}]}},"_links":{"self":[{"href":"https:\/\/diazloayza.cl\/index.php\/wp-json\/wp\/v2\/pages\/1335","targetHints":{"allow":["GET"]}}],"collection":[{"href":"https:\/\/diazloayza.cl\/index.php\/wp-json\/wp\/v2\/pages"}],"about":[{"href":"https:\/\/diazloayza.cl\/index.php\/wp-json\/wp\/v2\/types\/page"}],"author":[{"embeddable":true,"href":"https:\/\/diazloayza.cl\/index.php\/wp-json\/wp\/v2\/users\/1"}],"replies":[{"embeddable":true,"href":"https:\/\/diazloayza.cl\/index.php\/wp-json\/wp\/v2\/comments?post=1335"}],"version-history":[{"count":0,"href":"https:\/\/diazloayza.cl\/index.php\/wp-json\/wp\/v2\/pages\/1335\/revisions"}],"wp:attachment":[{"href":"https:\/\/diazloayza.cl\/index.php\/wp-json\/wp\/v2\/media?parent=1335"}],"curies":[{"name":"wp","href":"https:\/\/api.w.org\/{rel}","templated":true}]}}