{"id":1826,"date":"2021-06-02T20:43:36","date_gmt":"2021-06-02T20:43:36","guid":{"rendered":"https:\/\/diazloayza.cl\/?page_id=1826"},"modified":"2021-06-07T21:03:53","modified_gmt":"2021-06-07T21:03:53","slug":"cotizar-servicio","status":"publish","type":"page","link":"https:\/\/diazloayza.cl\/index.php\/cotizar-servicio\/","title":{"rendered":"Cotizar Servicio"},"content":{"rendered":"\t\t<div data-elementor-type=\"wp-page\" data-elementor-id=\"1826\" class=\"elementor elementor-1826\">\n\t\t\t\t\t\t<section data-pa-eq-height=\"{&quot;targetType&quot;:&quot;widget&quot;,&quot;target&quot;:&quot;&quot;,&quot;trigger&quot;:&quot;load&quot;,&quot;enableOn&quot;:[&quot;desktop&quot;,&quot;tablet&quot;,&quot;mobile&quot;]}\" class=\"elementor-section elementor-top-section elementor-element elementor-element-d298360 elementor-section-full_width premium-equal-height-yes elementor-section-height-default elementor-section-height-default\" data-id=\"d298360\" data-element_type=\"section\" data-settings=\"{&quot;premium_eq_height_switcher&quot;:&quot;yes&quot;}\">\n\t\t\t\t\t\t<div class=\"elementor-container elementor-column-gap-default\">\n\t\t\t\t\t<div class=\"elementor-column elementor-col-100 elementor-top-column elementor-element elementor-element-c390f06\" data-id=\"c390f06\" data-element_type=\"column\">\n\t\t\t<div class=\"elementor-widget-wrap elementor-element-populated\">\n\t\t\t\t\t\t<div class=\"elementor-element elementor-element-a725416 elementor-widget elementor-widget-spacer\" data-id=\"a725416\" data-element_type=\"widget\" data-widget_type=\"spacer.default\">\n\t\t\t\t<div class=\"elementor-widget-container\">\n\t\t\t\t\t\t\t<div class=\"elementor-spacer\">\n\t\t\t<div class=\"elementor-spacer-inner\"><\/div>\n\t\t<\/div>\n\t\t\t\t\t\t<\/div>\n\t\t\t\t<\/div>\n\t\t\t\t<section class=\"elementor-section elementor-inner-section elementor-element elementor-element-2831cf5f elementor-section-boxed elementor-section-height-default elementor-section-height-default\" data-id=\"2831cf5f\" data-element_type=\"section\">\n\t\t\t\t\t\t<div class=\"elementor-container elementor-column-gap-default\">\n\t\t\t\t\t<div class=\"elementor-column elementor-col-33 elementor-inner-column elementor-element elementor-element-1be0f108\" data-id=\"1be0f108\" data-element_type=\"column\">\n\t\t\t<div class=\"elementor-widget-wrap\">\n\t\t\t\t\t\t\t<\/div>\n\t\t<\/div>\n\t\t\t\t<div class=\"elementor-column elementor-col-33 elementor-inner-column elementor-element elementor-element-232eb351\" data-id=\"232eb351\" data-element_type=\"column\">\n\t\t\t<div class=\"elementor-widget-wrap\">\n\t\t\t\t\t\t\t<\/div>\n\t\t<\/div>\n\t\t\t\t<div class=\"elementor-column elementor-col-33 elementor-inner-column elementor-element elementor-element-3d194875\" data-id=\"3d194875\" data-element_type=\"column\">\n\t\t\t<div class=\"elementor-widget-wrap elementor-element-populated\">\n\t\t\t\t\t\t<div class=\"elementor-element elementor-element-189e22fd elementor-widget elementor-widget-button\" data-id=\"189e22fd\" data-element_type=\"widget\" data-widget_type=\"button.default\">\n\t\t\t\t<div class=\"elementor-widget-container\">\n\t\t\t\t\t\t\t\t\t<div class=\"elementor-button-wrapper\">\n\t\t\t\t\t<a class=\"elementor-button elementor-button-link elementor-size-sm\" href=\"#\">\n\t\t\t\t\t\t<span class=\"elementor-button-content-wrapper\">\n\t\t\t\t\t\t\t\t\t<span class=\"elementor-button-text\">agenda una hora<\/span>\n\t\t\t\t\t<\/span>\n\t\t\t\t\t<\/a>\n\t\t\t\t<\/div>\n\t\t\t\t\t\t\t\t<\/div>\n\t\t\t\t<\/div>\n\t\t\t\t\t<\/div>\n\t\t<\/div>\n\t\t\t\t\t<\/div>\n\t\t<\/section>\n\t\t\t\t\t<\/div>\n\t\t<\/div>\n\t\t\t\t\t<\/div>\n\t\t<\/section>\n\t\t\t\t<section class=\"elementor-section elementor-top-section elementor-element elementor-element-03e9a6c elementor-section-boxed elementor-section-height-default elementor-section-height-default\" data-id=\"03e9a6c\" data-element_type=\"section\">\n\t\t\t\t\t\t<div class=\"elementor-container elementor-column-gap-default\">\n\t\t\t\t\t<div class=\"elementor-column elementor-col-100 elementor-top-column elementor-element elementor-element-5a95e14\" data-id=\"5a95e14\" data-element_type=\"column\">\n\t\t\t<div class=\"elementor-widget-wrap\">\n\t\t\t\t\t\t\t<\/div>\n\t\t<\/div>\n\t\t\t\t\t<\/div>\n\t\t<\/section>\n\t\t\t\t<section class=\"elementor-section elementor-top-section elementor-element elementor-element-ea20f5d elementor-section-boxed elementor-section-height-default elementor-section-height-default\" data-id=\"ea20f5d\" data-element_type=\"section\">\n\t\t\t\t\t\t<div class=\"elementor-container elementor-column-gap-default\">\n\t\t\t\t\t<div class=\"elementor-column elementor-col-100 elementor-top-column elementor-element elementor-element-cddf73e\" data-id=\"cddf73e\" data-element_type=\"column\">\n\t\t\t<div class=\"elementor-widget-wrap elementor-element-populated\">\n\t\t\t\t\t\t<div class=\"elementor-element elementor-element-b661252 elementor-widget elementor-widget-spacer\" data-id=\"b661252\" data-element_type=\"widget\" data-widget_type=\"spacer.default\">\n\t\t\t\t<div class=\"elementor-widget-container\">\n\t\t\t\t\t\t\t<div class=\"elementor-spacer\">\n\t\t\t<div class=\"elementor-spacer-inner\"><\/div>\n\t\t<\/div>\n\t\t\t\t\t\t<\/div>\n\t\t\t\t<\/div>\n\t\t\t\t\t<\/div>\n\t\t<\/div>\n\t\t\t\t\t<\/div>\n\t\t<\/section>\n\t\t\t\t<\/div>\n\t\t","protected":false},"excerpt":{"rendered":"<p>Nosotros \u00c1rea de Pr\u00e1ctica Servicios Pol\u00edtica de Servicios Recursos Test de Insolvencia Consejos \u00datiles Publicaciones Blog Contacto agenda una hora<\/p>\n","protected":false},"author":1,"featured_media":0,"parent":0,"menu_order":0,"comment_status":"closed","ping_status":"closed","template":"elementor_canvas","meta":{"site-sidebar-layout":"no-sidebar","site-content-layout":"page-builder","ast-site-content-layout":"","site-content-style":"default","site-sidebar-style":"default","ast-global-header-display":"","ast-banner-title-visibility":"","ast-main-header-display":"","ast-hfb-above-header-display":"","ast-hfb-below-header-display":"","ast-hfb-mobile-header-display":"","site-post-title":"disabled","ast-breadcrumbs-content":"","ast-featured-img":"disabled","footer-sml-layout":"","theme-transparent-header-meta":"default","adv-header-id-meta":"","stick-header-meta":"","header-above-stick-meta":"","header-main-stick-meta":"","header-below-stick-meta":"","astra-migrate-meta-layouts":"default","ast-page-background-enabled":"default","ast-page-background-meta":{"desktop":{"background-color":"","background-image":"","background-repeat":"repeat","background-position":"center center","background-size":"auto","background-attachment":"scroll","background-type":"","background-media":"","overlay-type":"","overlay-color":"","overlay-opacity":"","overlay-gradient":""},"tablet":{"background-color":"","background-image":"","background-repeat":"repeat","background-position":"center center","background-size":"auto","background-attachment":"scroll","background-type":"","background-media":"","overlay-type":"","overlay-color":"","overlay-opacity":"","overlay-gradient":""},"mobile":{"background-color":"","background-image":"","background-repeat":"repeat","background-position":"center center","background-size":"auto","background-attachment":"scroll","background-type":"","background-media":"","overlay-type":"","overlay-color":"","overlay-opacity":"","overlay-gradient":""}},"ast-content-background-meta":{"desktop":{"background-color":"var(--ast-global-color-5)","background-image":"","background-repeat":"repeat","background-position":"center center","background-size":"auto","background-attachment":"scroll","background-type":"","background-media":"","overlay-type":"","overlay-color":"","overlay-opacity":"","overlay-gradient":""},"tablet":{"background-color":"var(--ast-global-color-5)","background-image":"","background-repeat":"repeat","background-position":"center center","background-size":"auto","background-attachment":"scroll","background-type":"","background-media":"","overlay-type":"","overlay-color":"","overlay-opacity":"","overlay-gradient":""},"mobile":{"background-color":"var(--ast-global-color-5)","background-image":"","background-repeat":"repeat","background-position":"center center","background-size":"auto","background-attachment":"scroll","background-type":"","background-media":"","overlay-type":"","overlay-color":"","overlay-opacity":"","overlay-gradient":""}},"footnotes":""},"class_list":["post-1826","page","type-page","status-publish","hentry"],"yoast_head":"<!-- This site is optimized with the Yoast SEO plugin v27.1.1 - https:\/\/yoast.com\/product\/yoast-seo-wordpress\/ -->\n<title>Cotizar Servicio - Diaz Loayza Abogado<\/title>\n<meta name=\"robots\" content=\"index, follow, max-snippet:-1, max-image-preview:large, max-video-preview:-1\" \/>\n<link rel=\"canonical\" href=\"https:\/\/diazloayza.cl\/index.php\/cotizar-servicio\/\" \/>\n<meta property=\"og:locale\" content=\"es_ES\" \/>\n<meta property=\"og:type\" content=\"article\" \/>\n<meta property=\"og:title\" content=\"Cotizar Servicio - Diaz Loayza Abogado\" \/>\n<meta property=\"og:description\" content=\"Nosotros \u00c1rea de Pr\u00e1ctica Servicios Pol\u00edtica de Servicios Recursos Test de Insolvencia Consejos \u00datiles Publicaciones Blog Contacto agenda una hora\" \/>\n<meta property=\"og:url\" content=\"https:\/\/diazloayza.cl\/index.php\/cotizar-servicio\/\" \/>\n<meta property=\"og:site_name\" content=\"Diaz Loayza Abogado\" \/>\n<meta property=\"article:modified_time\" content=\"2021-06-07T21:03:53+00:00\" \/>\n<meta property=\"og:image\" content=\"http:\/\/diazloayza.cl\/wp-content\/uploads\/2021\/03\/Logo2021-abogado-768x295.png\" \/>\n<meta name=\"twitter:card\" content=\"summary_large_image\" \/>\n<script type=\"application\/ld+json\" class=\"yoast-schema-graph\">{\"@context\":\"https:\/\/schema.org\",\"@graph\":[{\"@type\":\"WebPage\",\"@id\":\"https:\/\/diazloayza.cl\/index.php\/cotizar-servicio\/\",\"url\":\"https:\/\/diazloayza.cl\/index.php\/cotizar-servicio\/\",\"name\":\"Cotizar Servicio - Diaz Loayza Abogado\",\"isPartOf\":{\"@id\":\"https:\/\/diazloayza.cl\/#website\"},\"primaryImageOfPage\":{\"@id\":\"https:\/\/diazloayza.cl\/index.php\/cotizar-servicio\/#primaryimage\"},\"image\":{\"@id\":\"https:\/\/diazloayza.cl\/index.php\/cotizar-servicio\/#primaryimage\"},\"thumbnailUrl\":\"http:\/\/diazloayza.cl\/wp-content\/uploads\/2021\/03\/Logo2021-abogado-768x295.png\",\"datePublished\":\"2021-06-02T20:43:36+00:00\",\"dateModified\":\"2021-06-07T21:03:53+00:00\",\"breadcrumb\":{\"@id\":\"https:\/\/diazloayza.cl\/index.php\/cotizar-servicio\/#breadcrumb\"},\"inLanguage\":\"es\",\"potentialAction\":[{\"@type\":\"ReadAction\",\"target\":[\"https:\/\/diazloayza.cl\/index.php\/cotizar-servicio\/\"]}]},{\"@type\":\"ImageObject\",\"inLanguage\":\"es\",\"@id\":\"https:\/\/diazloayza.cl\/index.php\/cotizar-servicio\/#primaryimage\",\"url\":\"http:\/\/diazloayza.cl\/wp-content\/uploads\/2021\/03\/Logo2021-abogado-768x295.png\",\"contentUrl\":\"http:\/\/diazloayza.cl\/wp-content\/uploads\/2021\/03\/Logo2021-abogado-768x295.png\"},{\"@type\":\"BreadcrumbList\",\"@id\":\"https:\/\/diazloayza.cl\/index.php\/cotizar-servicio\/#breadcrumb\",\"itemListElement\":[{\"@type\":\"ListItem\",\"position\":1,\"name\":\"Portada\",\"item\":\"https:\/\/diazloayza.cl\/\"},{\"@type\":\"ListItem\",\"position\":2,\"name\":\"Cotizar Servicio\"}]},{\"@type\":\"WebSite\",\"@id\":\"https:\/\/diazloayza.cl\/#website\",\"url\":\"https:\/\/diazloayza.cl\/\",\"name\":\"D\u00edaz Loayza Estudio Jur\u00eddico\",\"description\":\"Estudio Jur\u00eddico\",\"publisher\":{\"@id\":\"https:\/\/diazloayza.cl\/#organization\"},\"potentialAction\":[{\"@type\":\"SearchAction\",\"target\":{\"@type\":\"EntryPoint\",\"urlTemplate\":\"https:\/\/diazloayza.cl\/?s={search_term_string}\"},\"query-input\":{\"@type\":\"PropertyValueSpecification\",\"valueRequired\":true,\"valueName\":\"search_term_string\"}}],\"inLanguage\":\"es\"},{\"@type\":\"Organization\",\"@id\":\"https:\/\/diazloayza.cl\/#organization\",\"name\":\"Estudio Jur\u00eddico D\u00edaz Loayza\",\"url\":\"https:\/\/diazloayza.cl\/\",\"logo\":{\"@type\":\"ImageObject\",\"inLanguage\":\"es\",\"@id\":\"https:\/\/diazloayza.cl\/#\/schema\/logo\/image\/\",\"url\":\"http:\/\/diazloayza.cl\/wp-content\/uploads\/2021\/10\/Logo2021-abogado-1024x393-1.png\",\"contentUrl\":\"http:\/\/diazloayza.cl\/wp-content\/uploads\/2021\/10\/Logo2021-abogado-1024x393-1.png\",\"width\":1024,\"height\":393,\"caption\":\"Estudio Jur\u00eddico D\u00edaz Loayza\"},\"image\":{\"@id\":\"https:\/\/diazloayza.cl\/#\/schema\/logo\/image\/\"}}]}<\/script>\n<!-- \/ Yoast SEO plugin. -->","yoast_head_json":{"title":"Cotizar Servicio - Diaz Loayza Abogado","robots":{"index":"index","follow":"follow","max-snippet":"max-snippet:-1","max-image-preview":"max-image-preview:large","max-video-preview":"max-video-preview:-1"},"canonical":"https:\/\/diazloayza.cl\/index.php\/cotizar-servicio\/","og_locale":"es_ES","og_type":"article","og_title":"Cotizar Servicio - Diaz Loayza Abogado","og_description":"Nosotros \u00c1rea de Pr\u00e1ctica Servicios Pol\u00edtica de Servicios Recursos Test de Insolvencia Consejos \u00datiles Publicaciones Blog Contacto agenda una hora","og_url":"https:\/\/diazloayza.cl\/index.php\/cotizar-servicio\/","og_site_name":"Diaz Loayza Abogado","article_modified_time":"2021-06-07T21:03:53+00:00","og_image":[{"url":"http:\/\/diazloayza.cl\/wp-content\/uploads\/2021\/03\/Logo2021-abogado-768x295.png","type":"","width":"","height":""}],"twitter_card":"summary_large_image","schema":{"@context":"https:\/\/schema.org","@graph":[{"@type":"WebPage","@id":"https:\/\/diazloayza.cl\/index.php\/cotizar-servicio\/","url":"https:\/\/diazloayza.cl\/index.php\/cotizar-servicio\/","name":"Cotizar Servicio - Diaz Loayza Abogado","isPartOf":{"@id":"https:\/\/diazloayza.cl\/#website"},"primaryImageOfPage":{"@id":"https:\/\/diazloayza.cl\/index.php\/cotizar-servicio\/#primaryimage"},"image":{"@id":"https:\/\/diazloayza.cl\/index.php\/cotizar-servicio\/#primaryimage"},"thumbnailUrl":"http:\/\/diazloayza.cl\/wp-content\/uploads\/2021\/03\/Logo2021-abogado-768x295.png","datePublished":"2021-06-02T20:43:36+00:00","dateModified":"2021-06-07T21:03:53+00:00","breadcrumb":{"@id":"https:\/\/diazloayza.cl\/index.php\/cotizar-servicio\/#breadcrumb"},"inLanguage":"es","potentialAction":[{"@type":"ReadAction","target":["https:\/\/diazloayza.cl\/index.php\/cotizar-servicio\/"]}]},{"@type":"ImageObject","inLanguage":"es","@id":"https:\/\/diazloayza.cl\/index.php\/cotizar-servicio\/#primaryimage","url":"http:\/\/diazloayza.cl\/wp-content\/uploads\/2021\/03\/Logo2021-abogado-768x295.png","contentUrl":"http:\/\/diazloayza.cl\/wp-content\/uploads\/2021\/03\/Logo2021-abogado-768x295.png"},{"@type":"BreadcrumbList","@id":"https:\/\/diazloayza.cl\/index.php\/cotizar-servicio\/#breadcrumb","itemListElement":[{"@type":"ListItem","position":1,"name":"Portada","item":"https:\/\/diazloayza.cl\/"},{"@type":"ListItem","position":2,"name":"Cotizar Servicio"}]},{"@type":"WebSite","@id":"https:\/\/diazloayza.cl\/#website","url":"https:\/\/diazloayza.cl\/","name":"D\u00edaz Loayza Estudio Jur\u00eddico","description":"Estudio Jur\u00eddico","publisher":{"@id":"https:\/\/diazloayza.cl\/#organization"},"potentialAction":[{"@type":"SearchAction","target":{"@type":"EntryPoint","urlTemplate":"https:\/\/diazloayza.cl\/?s={search_term_string}"},"query-input":{"@type":"PropertyValueSpecification","valueRequired":true,"valueName":"search_term_string"}}],"inLanguage":"es"},{"@type":"Organization","@id":"https:\/\/diazloayza.cl\/#organization","name":"Estudio Jur\u00eddico D\u00edaz Loayza","url":"https:\/\/diazloayza.cl\/","logo":{"@type":"ImageObject","inLanguage":"es","@id":"https:\/\/diazloayza.cl\/#\/schema\/logo\/image\/","url":"http:\/\/diazloayza.cl\/wp-content\/uploads\/2021\/10\/Logo2021-abogado-1024x393-1.png","contentUrl":"http:\/\/diazloayza.cl\/wp-content\/uploads\/2021\/10\/Logo2021-abogado-1024x393-1.png","width":1024,"height":393,"caption":"Estudio Jur\u00eddico D\u00edaz Loayza"},"image":{"@id":"https:\/\/diazloayza.cl\/#\/schema\/logo\/image\/"}}]}},"_links":{"self":[{"href":"https:\/\/diazloayza.cl\/index.php\/wp-json\/wp\/v2\/pages\/1826","targetHints":{"allow":["GET"]}}],"collection":[{"href":"https:\/\/diazloayza.cl\/index.php\/wp-json\/wp\/v2\/pages"}],"about":[{"href":"https:\/\/diazloayza.cl\/index.php\/wp-json\/wp\/v2\/types\/page"}],"author":[{"embeddable":true,"href":"https:\/\/diazloayza.cl\/index.php\/wp-json\/wp\/v2\/users\/1"}],"replies":[{"embeddable":true,"href":"https:\/\/diazloayza.cl\/index.php\/wp-json\/wp\/v2\/comments?post=1826"}],"version-history":[{"count":0,"href":"https:\/\/diazloayza.cl\/index.php\/wp-json\/wp\/v2\/pages\/1826\/revisions"}],"wp:attachment":[{"href":"https:\/\/diazloayza.cl\/index.php\/wp-json\/wp\/v2\/media?parent=1826"}],"curies":[{"name":"wp","href":"https:\/\/api.w.org\/{rel}","templated":true}]}}