{"id":1893,"date":"2021-06-02T22:51:09","date_gmt":"2021-06-02T22:51:09","guid":{"rendered":"https:\/\/diazloayza.cl\/?page_id=1893"},"modified":"2021-06-02T23:06:55","modified_gmt":"2021-06-02T23:06:55","slug":"test-de-insolvencia","status":"publish","type":"page","link":"https:\/\/diazloayza.cl\/index.php\/test-de-insolvencia\/","title":{"rendered":"Test de Insolvencia"},"content":{"rendered":"\t\t<div data-elementor-type=\"wp-page\" data-elementor-id=\"1893\" class=\"elementor elementor-1893\">\n\t\t\t\t\t\t<section class=\"elementor-section elementor-top-section elementor-element elementor-element-22023938 elementor-section-full_width elementor-section-height-full elementor-section-stretched elementor-section-height-default elementor-section-items-middle elementor-invisible\" data-id=\"22023938\" data-element_type=\"section\" data-settings=\"{&quot;background_background&quot;:&quot;classic&quot;,&quot;animation&quot;:&quot;fadeIn&quot;,&quot;stretch_section&quot;:&quot;section-stretched&quot;}\">\n\t\t\t\t\t\t\t<div class=\"elementor-background-overlay\"><\/div>\n\t\t\t\t\t\t\t<div class=\"elementor-container elementor-column-gap-default\">\n\t\t\t\t\t<div class=\"elementor-column elementor-col-100 elementor-top-column elementor-element elementor-element-16637201\" data-id=\"16637201\" data-element_type=\"column\">\n\t\t\t<div class=\"elementor-widget-wrap elementor-element-populated\">\n\t\t\t\t\t\t<section class=\"elementor-section elementor-inner-section elementor-element elementor-element-109205b5 elementor-section-boxed elementor-section-height-default elementor-section-height-default\" data-id=\"109205b5\" data-element_type=\"section\">\n\t\t\t\t\t\t<div class=\"elementor-container elementor-column-gap-default\">\n\t\t\t\t\t<div class=\"elementor-column elementor-col-33 elementor-inner-column elementor-element elementor-element-62f5b73f\" data-id=\"62f5b73f\" data-element_type=\"column\">\n\t\t\t<div class=\"elementor-widget-wrap\">\n\t\t\t\t\t\t\t<\/div>\n\t\t<\/div>\n\t\t\t\t<div class=\"elementor-column elementor-col-33 elementor-inner-column elementor-element elementor-element-210c2fcb\" data-id=\"210c2fcb\" data-element_type=\"column\">\n\t\t\t<div class=\"elementor-widget-wrap\">\n\t\t\t\t\t\t\t<\/div>\n\t\t<\/div>\n\t\t\t\t<div class=\"elementor-column elementor-col-33 elementor-inner-column elementor-element elementor-element-17a32853\" data-id=\"17a32853\" data-element_type=\"column\">\n\t\t\t<div class=\"elementor-widget-wrap elementor-element-populated\">\n\t\t\t\t\t\t<div class=\"elementor-element elementor-element-3feadb93 elementor-widget elementor-widget-button\" data-id=\"3feadb93\" data-element_type=\"widget\" data-widget_type=\"button.default\">\n\t\t\t\t<div class=\"elementor-widget-container\">\n\t\t\t\t\t\t\t\t\t<div class=\"elementor-button-wrapper\">\n\t\t\t\t\t<a class=\"elementor-button elementor-button-link elementor-size-sm\" href=\"#\">\n\t\t\t\t\t\t<span class=\"elementor-button-content-wrapper\">\n\t\t\t\t\t\t\t\t\t<span class=\"elementor-button-text\">agenda una hora<\/span>\n\t\t\t\t\t<\/span>\n\t\t\t\t\t<\/a>\n\t\t\t\t<\/div>\n\t\t\t\t\t\t\t\t<\/div>\n\t\t\t\t<\/div>\n\t\t\t\t\t<\/div>\n\t\t<\/div>\n\t\t\t\t\t<\/div>\n\t\t<\/section>\n\t\t\t\t<div class=\"elementor-element elementor-element-4bd2fe1 elementor-invisible elementor-widget elementor-widget-heading\" data-id=\"4bd2fe1\" data-element_type=\"widget\" data-settings=\"{&quot;_animation&quot;:&quot;fadeInUp&quot;}\" data-widget_type=\"heading.default\">\n\t\t\t\t<div class=\"elementor-widget-container\">\n\t\t\t\t\t<h6 class=\"elementor-heading-title elementor-size-medium\">Recursos<\/h6>\t\t\t\t<\/div>\n\t\t\t\t<\/div>\n\t\t\t\t<div class=\"elementor-element elementor-element-28cef1f2 elementor-widget__width-inherit elementor-invisible elementor-widget elementor-widget-heading\" data-id=\"28cef1f2\" data-element_type=\"widget\" data-settings=\"{&quot;_animation&quot;:&quot;fadeInUp&quot;}\" data-widget_type=\"heading.default\">\n\t\t\t\t<div class=\"elementor-widget-container\">\n\t\t\t\t\t<h2 class=\"elementor-heading-title elementor-size-default\">Test de Insolvencia<\/h2>\t\t\t\t<\/div>\n\t\t\t\t<\/div>\n\t\t\t\t<div class=\"elementor-element elementor-element-41e50570 elementor-align-center elementor-invisible elementor-widget elementor-widget-button\" data-id=\"41e50570\" data-element_type=\"widget\" data-settings=\"{&quot;_animation&quot;:&quot;fadeInUp&quot;}\" data-widget_type=\"button.default\">\n\t\t\t\t<div class=\"elementor-widget-container\">\n\t\t\t\t\t\t\t\t\t<div class=\"elementor-button-wrapper\">\n\t\t\t\t\t<a class=\"elementor-button elementor-button-link elementor-size-sm\" href=\"#testdeinsolvencia\">\n\t\t\t\t\t\t<span class=\"elementor-button-content-wrapper\">\n\t\t\t\t\t\t\t\t\t<span class=\"elementor-button-text\">realizar test<\/span>\n\t\t\t\t\t<\/span>\n\t\t\t\t\t<\/a>\n\t\t\t\t<\/div>\n\t\t\t\t\t\t\t\t<\/div>\n\t\t\t\t<\/div>\n\t\t\t\t\t<\/div>\n\t\t<\/div>\n\t\t\t\t\t<\/div>\n\t\t<\/section>\n\t\t\t\t<section class=\"elementor-section elementor-top-section elementor-element elementor-element-f0937fb elementor-section-boxed elementor-section-height-default elementor-section-height-default\" data-id=\"f0937fb\" data-element_type=\"section\" data-settings=\"{&quot;background_background&quot;:&quot;classic&quot;}\">\n\t\t\t\t\t\t\t<div class=\"elementor-background-overlay\"><\/div>\n\t\t\t\t\t\t\t<div class=\"elementor-container elementor-column-gap-default\">\n\t\t\t\t\t<div class=\"elementor-column elementor-col-100 elementor-top-column elementor-element elementor-element-0a48a5a\" data-id=\"0a48a5a\" data-element_type=\"column\">\n\t\t\t<div class=\"elementor-widget-wrap elementor-element-populated\">\n\t\t\t\t\t\t<div class=\"elementor-element elementor-element-9438e6d elementor-widget elementor-widget-menu-anchor\" data-id=\"9438e6d\" data-element_type=\"widget\" data-widget_type=\"menu-anchor.default\">\n\t\t\t\t<div class=\"elementor-widget-container\">\n\t\t\t\t\t\t\t<div class=\"elementor-menu-anchor\" id=\"testdeinsolvencia\"><\/div>\n\t\t\t\t\t\t<\/div>\n\t\t\t\t<\/div>\n\t\t\t\t\t<\/div>\n\t\t<\/div>\n\t\t\t\t\t<\/div>\n\t\t<\/section>\n\t\t\t\t<section class=\"elementor-section elementor-top-section elementor-element elementor-element-f9e9956 elementor-section-boxed elementor-section-height-default elementor-section-height-default\" data-id=\"f9e9956\" data-element_type=\"section\" data-settings=\"{&quot;background_background&quot;:&quot;classic&quot;}\">\n\t\t\t\t\t\t\t<div class=\"elementor-background-overlay\"><\/div>\n\t\t\t\t\t\t\t<div class=\"elementor-container elementor-column-gap-default\">\n\t\t\t\t\t<div class=\"elementor-column elementor-col-100 elementor-top-column elementor-element elementor-element-7b025476\" data-id=\"7b025476\" data-element_type=\"column\">\n\t\t\t<div class=\"elementor-widget-wrap elementor-element-populated\">\n\t\t\t\t\t\t<div class=\"elementor-element elementor-element-6e1d8eac elementor-widget elementor-widget-text-editor\" data-id=\"6e1d8eac\" data-element_type=\"widget\" data-widget_type=\"text-editor.default\">\n\t\t\t\t<div class=\"elementor-widget-container\">\n\t\t\t\t\t\t\t\t\t\n<iframe src=\"https:\/\/docs.google.com\/forms\/d\/e\/1FAIpQLSfoQstwrkR9U55YUvkCN7Y9yg0O1vc9imoDjClnIv8AAG1Itg\/viewform?embedded=true\" width=\"640\" height=\"4562\" frameborder=\"0\" marginheight=\"0\" marginwidth=\"0\">Cargando\u2026<\/iframe>\n\t\t\t\t\t\t\t\t<\/div>\n\t\t\t\t<\/div>\n\t\t\t\t\t<\/div>\n\t\t<\/div>\n\t\t\t\t\t<\/div>\n\t\t<\/section>\n\t\t\t\t<\/div>\n\t\t","protected":false},"excerpt":{"rendered":"","protected":false},"author":1,"featured_media":0,"parent":0,"menu_order":0,"comment_status":"closed","ping_status":"closed","template":"elementor_canvas","meta":{"site-sidebar-layout":"default","site-content-layout":"default","ast-site-content-layout":"","site-content-style":"default","site-sidebar-style":"default","ast-global-header-display":"","ast-banner-title-visibility":"","ast-main-header-display":"","ast-hfb-above-header-display":"","ast-hfb-below-header-display":"","ast-hfb-mobile-header-display":"","site-post-title":"","ast-breadcrumbs-content":"","ast-featured-img":"","footer-sml-layout":"","theme-transparent-header-meta":"default","adv-header-id-meta":"","stick-header-meta":"","header-above-stick-meta":"","header-main-stick-meta":"","header-below-stick-meta":"","astra-migrate-meta-layouts":"default","ast-page-background-enabled":"default","ast-page-background-meta":{"desktop":{"background-color":"","background-image":"","background-repeat":"repeat","background-position":"center center","background-size":"auto","background-attachment":"scroll","background-type":"","background-media":"","overlay-type":"","overlay-color":"","overlay-opacity":"","overlay-gradient":""},"tablet":{"background-color":"","background-image":"","background-repeat":"repeat","background-position":"center center","background-size":"auto","background-attachment":"scroll","background-type":"","background-media":"","overlay-type":"","overlay-color":"","overlay-opacity":"","overlay-gradient":""},"mobile":{"background-color":"","background-image":"","background-repeat":"repeat","background-position":"center center","background-size":"auto","background-attachment":"scroll","background-type":"","background-media":"","overlay-type":"","overlay-color":"","overlay-opacity":"","overlay-gradient":""}},"ast-content-background-meta":{"desktop":{"background-color":"var(--ast-global-color-5)","background-image":"","background-repeat":"repeat","background-position":"center center","background-size":"auto","background-attachment":"scroll","background-type":"","background-media":"","overlay-type":"","overlay-color":"","overlay-opacity":"","overlay-gradient":""},"tablet":{"background-color":"var(--ast-global-color-5)","background-image":"","background-repeat":"repeat","background-position":"center center","background-size":"auto","background-attachment":"scroll","background-type":"","background-media":"","overlay-type":"","overlay-color":"","overlay-opacity":"","overlay-gradient":""},"mobile":{"background-color":"var(--ast-global-color-5)","background-image":"","background-repeat":"repeat","background-position":"center center","background-size":"auto","background-attachment":"scroll","background-type":"","background-media":"","overlay-type":"","overlay-color":"","overlay-opacity":"","overlay-gradient":""}},"footnotes":""},"class_list":["post-1893","page","type-page","status-publish","hentry"],"yoast_head":"<!-- This site is optimized with the Yoast SEO plugin v27.1.1 - https:\/\/yoast.com\/product\/yoast-seo-wordpress\/ -->\n<title>Test de Insolvencia - Diaz Loayza Abogado<\/title>\n<meta name=\"robots\" content=\"index, follow, max-snippet:-1, max-image-preview:large, max-video-preview:-1\" \/>\n<link rel=\"canonical\" href=\"https:\/\/diazloayza.cl\/index.php\/test-de-insolvencia\/\" \/>\n<meta property=\"og:locale\" content=\"es_ES\" \/>\n<meta property=\"og:type\" content=\"article\" \/>\n<meta property=\"og:title\" content=\"Test de Insolvencia - Diaz Loayza Abogado\" \/>\n<meta property=\"og:url\" content=\"https:\/\/diazloayza.cl\/index.php\/test-de-insolvencia\/\" \/>\n<meta property=\"og:site_name\" content=\"Diaz Loayza Abogado\" \/>\n<meta property=\"article:modified_time\" content=\"2021-06-02T23:06:55+00:00\" \/>\n<meta property=\"og:image\" content=\"http:\/\/diazloayza.cl\/wp-content\/uploads\/2021\/05\/cropped-cropped-Logo2021-dorado-768x295.png\" \/>\n<meta name=\"twitter:card\" content=\"summary_large_image\" \/>\n<script type=\"application\/ld+json\" class=\"yoast-schema-graph\">{\"@context\":\"https:\/\/schema.org\",\"@graph\":[{\"@type\":\"WebPage\",\"@id\":\"https:\/\/diazloayza.cl\/index.php\/test-de-insolvencia\/\",\"url\":\"https:\/\/diazloayza.cl\/index.php\/test-de-insolvencia\/\",\"name\":\"Test de Insolvencia - Diaz Loayza Abogado\",\"isPartOf\":{\"@id\":\"https:\/\/diazloayza.cl\/#website\"},\"primaryImageOfPage\":{\"@id\":\"https:\/\/diazloayza.cl\/index.php\/test-de-insolvencia\/#primaryimage\"},\"image\":{\"@id\":\"https:\/\/diazloayza.cl\/index.php\/test-de-insolvencia\/#primaryimage\"},\"thumbnailUrl\":\"http:\/\/diazloayza.cl\/wp-content\/uploads\/2021\/05\/cropped-cropped-Logo2021-dorado-768x295.png\",\"datePublished\":\"2021-06-02T22:51:09+00:00\",\"dateModified\":\"2021-06-02T23:06:55+00:00\",\"breadcrumb\":{\"@id\":\"https:\/\/diazloayza.cl\/index.php\/test-de-insolvencia\/#breadcrumb\"},\"inLanguage\":\"es\",\"potentialAction\":[{\"@type\":\"ReadAction\",\"target\":[\"https:\/\/diazloayza.cl\/index.php\/test-de-insolvencia\/\"]}]},{\"@type\":\"ImageObject\",\"inLanguage\":\"es\",\"@id\":\"https:\/\/diazloayza.cl\/index.php\/test-de-insolvencia\/#primaryimage\",\"url\":\"http:\/\/diazloayza.cl\/wp-content\/uploads\/2021\/05\/cropped-cropped-Logo2021-dorado-768x295.png\",\"contentUrl\":\"http:\/\/diazloayza.cl\/wp-content\/uploads\/2021\/05\/cropped-cropped-Logo2021-dorado-768x295.png\"},{\"@type\":\"BreadcrumbList\",\"@id\":\"https:\/\/diazloayza.cl\/index.php\/test-de-insolvencia\/#breadcrumb\",\"itemListElement\":[{\"@type\":\"ListItem\",\"position\":1,\"name\":\"Portada\",\"item\":\"https:\/\/diazloayza.cl\/\"},{\"@type\":\"ListItem\",\"position\":2,\"name\":\"Test de Insolvencia\"}]},{\"@type\":\"WebSite\",\"@id\":\"https:\/\/diazloayza.cl\/#website\",\"url\":\"https:\/\/diazloayza.cl\/\",\"name\":\"D\u00edaz Loayza Estudio Jur\u00eddico\",\"description\":\"Estudio Jur\u00eddico\",\"publisher\":{\"@id\":\"https:\/\/diazloayza.cl\/#organization\"},\"potentialAction\":[{\"@type\":\"SearchAction\",\"target\":{\"@type\":\"EntryPoint\",\"urlTemplate\":\"https:\/\/diazloayza.cl\/?s={search_term_string}\"},\"query-input\":{\"@type\":\"PropertyValueSpecification\",\"valueRequired\":true,\"valueName\":\"search_term_string\"}}],\"inLanguage\":\"es\"},{\"@type\":\"Organization\",\"@id\":\"https:\/\/diazloayza.cl\/#organization\",\"name\":\"Estudio Jur\u00eddico D\u00edaz Loayza\",\"url\":\"https:\/\/diazloayza.cl\/\",\"logo\":{\"@type\":\"ImageObject\",\"inLanguage\":\"es\",\"@id\":\"https:\/\/diazloayza.cl\/#\/schema\/logo\/image\/\",\"url\":\"http:\/\/diazloayza.cl\/wp-content\/uploads\/2021\/10\/Logo2021-abogado-1024x393-1.png\",\"contentUrl\":\"http:\/\/diazloayza.cl\/wp-content\/uploads\/2021\/10\/Logo2021-abogado-1024x393-1.png\",\"width\":1024,\"height\":393,\"caption\":\"Estudio Jur\u00eddico D\u00edaz Loayza\"},\"image\":{\"@id\":\"https:\/\/diazloayza.cl\/#\/schema\/logo\/image\/\"}}]}<\/script>\n<!-- \/ Yoast SEO plugin. -->","yoast_head_json":{"title":"Test de Insolvencia - Diaz Loayza Abogado","robots":{"index":"index","follow":"follow","max-snippet":"max-snippet:-1","max-image-preview":"max-image-preview:large","max-video-preview":"max-video-preview:-1"},"canonical":"https:\/\/diazloayza.cl\/index.php\/test-de-insolvencia\/","og_locale":"es_ES","og_type":"article","og_title":"Test de Insolvencia - Diaz Loayza Abogado","og_url":"https:\/\/diazloayza.cl\/index.php\/test-de-insolvencia\/","og_site_name":"Diaz Loayza Abogado","article_modified_time":"2021-06-02T23:06:55+00:00","og_image":[{"url":"http:\/\/diazloayza.cl\/wp-content\/uploads\/2021\/05\/cropped-cropped-Logo2021-dorado-768x295.png","type":"","width":"","height":""}],"twitter_card":"summary_large_image","schema":{"@context":"https:\/\/schema.org","@graph":[{"@type":"WebPage","@id":"https:\/\/diazloayza.cl\/index.php\/test-de-insolvencia\/","url":"https:\/\/diazloayza.cl\/index.php\/test-de-insolvencia\/","name":"Test de Insolvencia - Diaz Loayza Abogado","isPartOf":{"@id":"https:\/\/diazloayza.cl\/#website"},"primaryImageOfPage":{"@id":"https:\/\/diazloayza.cl\/index.php\/test-de-insolvencia\/#primaryimage"},"image":{"@id":"https:\/\/diazloayza.cl\/index.php\/test-de-insolvencia\/#primaryimage"},"thumbnailUrl":"http:\/\/diazloayza.cl\/wp-content\/uploads\/2021\/05\/cropped-cropped-Logo2021-dorado-768x295.png","datePublished":"2021-06-02T22:51:09+00:00","dateModified":"2021-06-02T23:06:55+00:00","breadcrumb":{"@id":"https:\/\/diazloayza.cl\/index.php\/test-de-insolvencia\/#breadcrumb"},"inLanguage":"es","potentialAction":[{"@type":"ReadAction","target":["https:\/\/diazloayza.cl\/index.php\/test-de-insolvencia\/"]}]},{"@type":"ImageObject","inLanguage":"es","@id":"https:\/\/diazloayza.cl\/index.php\/test-de-insolvencia\/#primaryimage","url":"http:\/\/diazloayza.cl\/wp-content\/uploads\/2021\/05\/cropped-cropped-Logo2021-dorado-768x295.png","contentUrl":"http:\/\/diazloayza.cl\/wp-content\/uploads\/2021\/05\/cropped-cropped-Logo2021-dorado-768x295.png"},{"@type":"BreadcrumbList","@id":"https:\/\/diazloayza.cl\/index.php\/test-de-insolvencia\/#breadcrumb","itemListElement":[{"@type":"ListItem","position":1,"name":"Portada","item":"https:\/\/diazloayza.cl\/"},{"@type":"ListItem","position":2,"name":"Test de Insolvencia"}]},{"@type":"WebSite","@id":"https:\/\/diazloayza.cl\/#website","url":"https:\/\/diazloayza.cl\/","name":"D\u00edaz Loayza Estudio Jur\u00eddico","description":"Estudio Jur\u00eddico","publisher":{"@id":"https:\/\/diazloayza.cl\/#organization"},"potentialAction":[{"@type":"SearchAction","target":{"@type":"EntryPoint","urlTemplate":"https:\/\/diazloayza.cl\/?s={search_term_string}"},"query-input":{"@type":"PropertyValueSpecification","valueRequired":true,"valueName":"search_term_string"}}],"inLanguage":"es"},{"@type":"Organization","@id":"https:\/\/diazloayza.cl\/#organization","name":"Estudio Jur\u00eddico D\u00edaz Loayza","url":"https:\/\/diazloayza.cl\/","logo":{"@type":"ImageObject","inLanguage":"es","@id":"https:\/\/diazloayza.cl\/#\/schema\/logo\/image\/","url":"http:\/\/diazloayza.cl\/wp-content\/uploads\/2021\/10\/Logo2021-abogado-1024x393-1.png","contentUrl":"http:\/\/diazloayza.cl\/wp-content\/uploads\/2021\/10\/Logo2021-abogado-1024x393-1.png","width":1024,"height":393,"caption":"Estudio Jur\u00eddico D\u00edaz Loayza"},"image":{"@id":"https:\/\/diazloayza.cl\/#\/schema\/logo\/image\/"}}]}},"_links":{"self":[{"href":"https:\/\/diazloayza.cl\/index.php\/wp-json\/wp\/v2\/pages\/1893","targetHints":{"allow":["GET"]}}],"collection":[{"href":"https:\/\/diazloayza.cl\/index.php\/wp-json\/wp\/v2\/pages"}],"about":[{"href":"https:\/\/diazloayza.cl\/index.php\/wp-json\/wp\/v2\/types\/page"}],"author":[{"embeddable":true,"href":"https:\/\/diazloayza.cl\/index.php\/wp-json\/wp\/v2\/users\/1"}],"replies":[{"embeddable":true,"href":"https:\/\/diazloayza.cl\/index.php\/wp-json\/wp\/v2\/comments?post=1893"}],"version-history":[{"count":0,"href":"https:\/\/diazloayza.cl\/index.php\/wp-json\/wp\/v2\/pages\/1893\/revisions"}],"wp:attachment":[{"href":"https:\/\/diazloayza.cl\/index.php\/wp-json\/wp\/v2\/media?parent=1893"}],"curies":[{"name":"wp","href":"https:\/\/api.w.org\/{rel}","templated":true}]}}