{"id":2162,"date":"2021-09-06T20:43:08","date_gmt":"2021-09-06T23:43:08","guid":{"rendered":"https:\/\/diazloayza.cl\/?page_id=2162"},"modified":"2023-08-12T01:39:01","modified_gmt":"2023-08-12T04:39:01","slug":"estado-diario","status":"publish","type":"page","link":"https:\/\/diazloayza.cl\/index.php\/estado-diario\/","title":{"rendered":"Estado Diario"},"content":{"rendered":"\t\t<div data-elementor-type=\"wp-page\" data-elementor-id=\"2162\" class=\"elementor elementor-2162\">\n\t\t\t\t\t\t<section class=\"elementor-section elementor-top-section elementor-element elementor-element-8ww6q9y elementor-section-full_width elementor-section-height-full elementor-section-stretched elementor-section-height-default elementor-section-items-middle elementor-invisible\" data-id=\"8ww6q9y\" data-element_type=\"section\" data-settings=\"{&quot;background_background&quot;:&quot;classic&quot;,&quot;animation&quot;:&quot;fadeIn&quot;,&quot;stretch_section&quot;:&quot;section-stretched&quot;}\">\n\t\t\t\t\t\t\t<div class=\"elementor-background-overlay\"><\/div>\n\t\t\t\t\t\t\t<div class=\"elementor-container elementor-column-gap-default\">\n\t\t\t\t\t<div class=\"elementor-column elementor-col-100 elementor-top-column elementor-element elementor-element-e227f73\" data-id=\"e227f73\" data-element_type=\"column\">\n\t\t\t<div class=\"elementor-widget-wrap elementor-element-populated\">\n\t\t\t\t\t\t<section class=\"elementor-section elementor-inner-section elementor-element elementor-element-2c941bd elementor-section-boxed elementor-section-height-default elementor-section-height-default\" data-id=\"2c941bd\" data-element_type=\"section\">\n\t\t\t\t\t\t<div class=\"elementor-container elementor-column-gap-default\">\n\t\t\t\t\t<div class=\"elementor-column elementor-col-33 elementor-inner-column elementor-element elementor-element-2081fa1\" data-id=\"2081fa1\" data-element_type=\"column\">\n\t\t\t<div class=\"elementor-widget-wrap\">\n\t\t\t\t\t\t\t<\/div>\n\t\t<\/div>\n\t\t\t\t<div class=\"elementor-column elementor-col-33 elementor-inner-column elementor-element elementor-element-620d8cd\" data-id=\"620d8cd\" data-element_type=\"column\">\n\t\t\t<div class=\"elementor-widget-wrap\">\n\t\t\t\t\t\t\t<\/div>\n\t\t<\/div>\n\t\t\t\t<div class=\"elementor-column elementor-col-33 elementor-inner-column elementor-element elementor-element-466caa7\" data-id=\"466caa7\" data-element_type=\"column\">\n\t\t\t<div class=\"elementor-widget-wrap elementor-element-populated\">\n\t\t\t\t\t\t<div class=\"elementor-element elementor-element-0d41921 elementor-widget elementor-widget-button\" data-id=\"0d41921\" data-element_type=\"widget\" data-widget_type=\"button.default\">\n\t\t\t\t<div class=\"elementor-widget-container\">\n\t\t\t\t\t\t\t\t\t<div class=\"elementor-button-wrapper\">\n\t\t\t\t\t<a class=\"elementor-button elementor-button-link elementor-size-sm\" href=\"https:\/\/diazloayza.cl\/index.php\/agendarhora\/\">\n\t\t\t\t\t\t<span class=\"elementor-button-content-wrapper\">\n\t\t\t\t\t\t\t\t\t<span class=\"elementor-button-text\">agenda una hora<\/span>\n\t\t\t\t\t<\/span>\n\t\t\t\t\t<\/a>\n\t\t\t\t<\/div>\n\t\t\t\t\t\t\t\t<\/div>\n\t\t\t\t<\/div>\n\t\t\t\t\t<\/div>\n\t\t<\/div>\n\t\t\t\t\t<\/div>\n\t\t<\/section>\n\t\t\t\t<div class=\"elementor-element elementor-element-e6f2b98 elementor-widget elementor-widget-spacer\" data-id=\"e6f2b98\" data-element_type=\"widget\" data-widget_type=\"spacer.default\">\n\t\t\t\t<div class=\"elementor-widget-container\">\n\t\t\t\t\t\t\t<div class=\"elementor-spacer\">\n\t\t\t<div class=\"elementor-spacer-inner\"><\/div>\n\t\t<\/div>\n\t\t\t\t\t\t<\/div>\n\t\t\t\t<\/div>\n\t\t\t\t<div class=\"elementor-element elementor-element-3d7c9fc elementor-widget__width-inherit elementor-invisible elementor-widget elementor-widget-heading\" data-id=\"3d7c9fc\" data-element_type=\"widget\" data-settings=\"{&quot;_animation&quot;:&quot;fadeInUp&quot;}\" data-widget_type=\"heading.default\">\n\t\t\t\t<div class=\"elementor-widget-container\">\n\t\t\t\t\t<h2 class=\"elementor-heading-title elementor-size-default\">Estado Diario<\/h2>\t\t\t\t<\/div>\n\t\t\t\t<\/div>\n\t\t\t\t<div class=\"elementor-element elementor-element-aaa575d elementor-invisible elementor-widget elementor-widget-text-editor\" data-id=\"aaa575d\" data-element_type=\"widget\" data-settings=\"{&quot;_animation&quot;:&quot;fadeInUp&quot;}\" data-widget_type=\"text-editor.default\">\n\t\t\t\t<div class=\"elementor-widget-container\">\n\t\t\t\t\t\t\t\t\t<p>Listado en que se informa a las partes que se ha dictado una resoluci\u00f3n en un juicio arbitral o en una partici\u00f3n. Abajo puede consultar, en cada d\u00eda, resoluciones\u00a0dictadas.<\/p>\t\t\t\t\t\t\t\t<\/div>\n\t\t\t\t<\/div>\n\t\t\t\t<div class=\"elementor-element elementor-element-9d3aef8 elementor-align-center elementor-widget elementor-widget-button\" data-id=\"9d3aef8\" data-element_type=\"widget\" data-widget_type=\"button.default\">\n\t\t\t\t<div class=\"elementor-widget-container\">\n\t\t\t\t\t\t\t\t\t<div class=\"elementor-button-wrapper\">\n\t\t\t\t\t<a class=\"elementor-button elementor-button-link elementor-size-sm\" href=\"https:\/\/diazloayza.cl\/index.php\/estado-diario\/#calendario-estado\" calendario=\"\">\n\t\t\t\t\t\t<span class=\"elementor-button-content-wrapper\">\n\t\t\t\t\t\t\t\t\t<span class=\"elementor-button-text\">Ver Calendario<\/span>\n\t\t\t\t\t<\/span>\n\t\t\t\t\t<\/a>\n\t\t\t\t<\/div>\n\t\t\t\t\t\t\t\t<\/div>\n\t\t\t\t<\/div>\n\t\t\t\t\t<\/div>\n\t\t<\/div>\n\t\t\t\t\t<\/div>\n\t\t<\/section>\n\t\t\t\t<section class=\"elementor-section elementor-top-section elementor-element elementor-element-28c64e2 elementor-section-boxed elementor-section-height-default elementor-section-height-default\" data-id=\"28c64e2\" data-element_type=\"section\" id=\"calendario-estado\">\n\t\t\t\t\t\t<div class=\"elementor-container elementor-column-gap-default\">\n\t\t\t\t\t<div class=\"elementor-column elementor-col-100 elementor-top-column elementor-element elementor-element-b22d53a\" data-id=\"b22d53a\" data-element_type=\"column\">\n\t\t\t<div class=\"elementor-widget-wrap elementor-element-populated\">\n\t\t\t\t\t\t<div class=\"elementor-element elementor-element-1f727cd elementor-widget elementor-widget-heading\" data-id=\"1f727cd\" data-element_type=\"widget\" data-widget_type=\"heading.default\">\n\t\t\t\t<div class=\"elementor-widget-container\">\n\t\t\t\t\t<h1 class=\"elementor-heading-title elementor-size-default\">Calendario<\/h1>\t\t\t\t<\/div>\n\t\t\t\t<\/div>\n\t\t\t\t<div class=\"elementor-element elementor-element-b53c3e3 elementor-widget elementor-widget-html\" data-id=\"b53c3e3\" data-element_type=\"widget\" data-widget_type=\"html.default\">\n\t\t\t\t<div class=\"elementor-widget-container\">\n\t\t\t\t\t<iframe src=\"https:\/\/calendar.google.com\/calendar\/embed?src=diazl.cl_ipkbbtp84r2guqoh5jc1gniapg%40group.calendar.google.com&ctz=America%2FSantiago\" style=\"border: 0\" width=\"800\" height=\"600\" frameborder=\"0\" scrolling=\"no\"><\/iframe>\t\t\t\t<\/div>\n\t\t\t\t<\/div>\n\t\t\t\t\t<\/div>\n\t\t<\/div>\n\t\t\t\t\t<\/div>\n\t\t<\/section>\n\t\t\t\t<\/div>\n\t\t","protected":false},"excerpt":{"rendered":"<p>Men\u00fa Nosotros \u00c1rea de Pr\u00e1ctica Servicios Pol\u00edtica de Servicios Recursos Test de Insolvencia Consejos \u00datiles Estado Diario Publicaciones Blog Contacto agenda una hora Estado Diario Listado en que se informa a las partes que se ha dictado una resoluci\u00f3n en un juicio arbitral o en una partici\u00f3n. Abajo puede consultar, en cada d\u00eda, resoluciones\u00a0dictadas. Ver [&hellip;]<\/p>\n","protected":false},"author":1,"featured_media":0,"parent":0,"menu_order":0,"comment_status":"closed","ping_status":"closed","template":"elementor_canvas","meta":{"site-sidebar-layout":"no-sidebar","site-content-layout":"page-builder","ast-site-content-layout":"","site-content-style":"default","site-sidebar-style":"default","ast-global-header-display":"","ast-banner-title-visibility":"","ast-main-header-display":"","ast-hfb-above-header-display":"","ast-hfb-below-header-display":"","ast-hfb-mobile-header-display":"","site-post-title":"disabled","ast-breadcrumbs-content":"disabled","ast-featured-img":"disabled","footer-sml-layout":"","theme-transparent-header-meta":"enabled","adv-header-id-meta":"","stick-header-meta":"","header-above-stick-meta":"","header-main-stick-meta":"","header-below-stick-meta":"","astra-migrate-meta-layouts":"default","ast-page-background-enabled":"default","ast-page-background-meta":{"desktop":{"background-color":"","background-image":"","background-repeat":"repeat","background-position":"center center","background-size":"auto","background-attachment":"scroll","background-type":"","background-media":"","overlay-type":"","overlay-color":"","overlay-opacity":"","overlay-gradient":""},"tablet":{"background-color":"","background-image":"","background-repeat":"repeat","background-position":"center center","background-size":"auto","background-attachment":"scroll","background-type":"","background-media":"","overlay-type":"","overlay-color":"","overlay-opacity":"","overlay-gradient":""},"mobile":{"background-color":"","background-image":"","background-repeat":"repeat","background-position":"center center","background-size":"auto","background-attachment":"scroll","background-type":"","background-media":"","overlay-type":"","overlay-color":"","overlay-opacity":"","overlay-gradient":""}},"ast-content-background-meta":{"desktop":{"background-color":"var(--ast-global-color-5)","background-image":"","background-repeat":"repeat","background-position":"center center","background-size":"auto","background-attachment":"scroll","background-type":"","background-media":"","overlay-type":"","overlay-color":"","overlay-opacity":"","overlay-gradient":""},"tablet":{"background-color":"var(--ast-global-color-5)","background-image":"","background-repeat":"repeat","background-position":"center center","background-size":"auto","background-attachment":"scroll","background-type":"","background-media":"","overlay-type":"","overlay-color":"","overlay-opacity":"","overlay-gradient":""},"mobile":{"background-color":"var(--ast-global-color-5)","background-image":"","background-repeat":"repeat","background-position":"center center","background-size":"auto","background-attachment":"scroll","background-type":"","background-media":"","overlay-type":"","overlay-color":"","overlay-opacity":"","overlay-gradient":""}},"footnotes":""},"class_list":["post-2162","page","type-page","status-publish","hentry"],"yoast_head":"<!-- This site is optimized with the Yoast SEO plugin v27.1.1 - https:\/\/yoast.com\/product\/yoast-seo-wordpress\/ -->\n<title>Estado Diario - Diaz Loayza Abogado<\/title>\n<meta name=\"robots\" content=\"index, follow, max-snippet:-1, max-image-preview:large, max-video-preview:-1\" \/>\n<link rel=\"canonical\" href=\"https:\/\/diazloayza.cl\/index.php\/estado-diario\/\" \/>\n<meta property=\"og:locale\" content=\"es_ES\" \/>\n<meta property=\"og:type\" content=\"article\" \/>\n<meta property=\"og:title\" content=\"Estado Diario - Diaz Loayza Abogado\" \/>\n<meta property=\"og:description\" content=\"Men\u00fa Nosotros \u00c1rea de Pr\u00e1ctica Servicios Pol\u00edtica de Servicios Recursos Test de Insolvencia Consejos \u00datiles Estado Diario Publicaciones Blog Contacto agenda una hora Estado Diario Listado en que se informa a las partes que se ha dictado una resoluci\u00f3n en un juicio arbitral o en una partici\u00f3n. Abajo puede consultar, en cada d\u00eda, resoluciones\u00a0dictadas. Ver [&hellip;]\" \/>\n<meta property=\"og:url\" content=\"https:\/\/diazloayza.cl\/index.php\/estado-diario\/\" \/>\n<meta property=\"og:site_name\" content=\"Diaz Loayza Abogado\" \/>\n<meta property=\"article:modified_time\" content=\"2023-08-12T04:39:01+00:00\" \/>\n<meta property=\"og:image\" content=\"https:\/\/diazloayza.cl\/wp-content\/uploads\/2021\/03\/Logo2021-abogado-768x295.png\" \/>\n<meta name=\"twitter:card\" content=\"summary_large_image\" \/>\n<meta name=\"twitter:label1\" content=\"Tiempo de lectura\" \/>\n\t<meta name=\"twitter:data1\" content=\"1 minuto\" \/>\n<script type=\"application\/ld+json\" class=\"yoast-schema-graph\">{\"@context\":\"https:\/\/schema.org\",\"@graph\":[{\"@type\":\"WebPage\",\"@id\":\"https:\/\/diazloayza.cl\/index.php\/estado-diario\/\",\"url\":\"https:\/\/diazloayza.cl\/index.php\/estado-diario\/\",\"name\":\"Estado Diario - Diaz Loayza Abogado\",\"isPartOf\":{\"@id\":\"https:\/\/diazloayza.cl\/#website\"},\"primaryImageOfPage\":{\"@id\":\"https:\/\/diazloayza.cl\/index.php\/estado-diario\/#primaryimage\"},\"image\":{\"@id\":\"https:\/\/diazloayza.cl\/index.php\/estado-diario\/#primaryimage\"},\"thumbnailUrl\":\"https:\/\/diazloayza.cl\/wp-content\/uploads\/2021\/03\/Logo2021-abogado-768x295.png\",\"datePublished\":\"2021-09-06T23:43:08+00:00\",\"dateModified\":\"2023-08-12T04:39:01+00:00\",\"breadcrumb\":{\"@id\":\"https:\/\/diazloayza.cl\/index.php\/estado-diario\/#breadcrumb\"},\"inLanguage\":\"es\",\"potentialAction\":[{\"@type\":\"ReadAction\",\"target\":[\"https:\/\/diazloayza.cl\/index.php\/estado-diario\/\"]}]},{\"@type\":\"ImageObject\",\"inLanguage\":\"es\",\"@id\":\"https:\/\/diazloayza.cl\/index.php\/estado-diario\/#primaryimage\",\"url\":\"https:\/\/diazloayza.cl\/wp-content\/uploads\/2021\/03\/Logo2021-abogado-768x295.png\",\"contentUrl\":\"https:\/\/diazloayza.cl\/wp-content\/uploads\/2021\/03\/Logo2021-abogado-768x295.png\"},{\"@type\":\"BreadcrumbList\",\"@id\":\"https:\/\/diazloayza.cl\/index.php\/estado-diario\/#breadcrumb\",\"itemListElement\":[{\"@type\":\"ListItem\",\"position\":1,\"name\":\"Portada\",\"item\":\"https:\/\/diazloayza.cl\/\"},{\"@type\":\"ListItem\",\"position\":2,\"name\":\"Estado Diario\"}]},{\"@type\":\"WebSite\",\"@id\":\"https:\/\/diazloayza.cl\/#website\",\"url\":\"https:\/\/diazloayza.cl\/\",\"name\":\"D\u00edaz Loayza Estudio Jur\u00eddico\",\"description\":\"Estudio Jur\u00eddico\",\"publisher\":{\"@id\":\"https:\/\/diazloayza.cl\/#organization\"},\"potentialAction\":[{\"@type\":\"SearchAction\",\"target\":{\"@type\":\"EntryPoint\",\"urlTemplate\":\"https:\/\/diazloayza.cl\/?s={search_term_string}\"},\"query-input\":{\"@type\":\"PropertyValueSpecification\",\"valueRequired\":true,\"valueName\":\"search_term_string\"}}],\"inLanguage\":\"es\"},{\"@type\":\"Organization\",\"@id\":\"https:\/\/diazloayza.cl\/#organization\",\"name\":\"Estudio Jur\u00eddico D\u00edaz Loayza\",\"url\":\"https:\/\/diazloayza.cl\/\",\"logo\":{\"@type\":\"ImageObject\",\"inLanguage\":\"es\",\"@id\":\"https:\/\/diazloayza.cl\/#\/schema\/logo\/image\/\",\"url\":\"http:\/\/diazloayza.cl\/wp-content\/uploads\/2021\/10\/Logo2021-abogado-1024x393-1.png\",\"contentUrl\":\"http:\/\/diazloayza.cl\/wp-content\/uploads\/2021\/10\/Logo2021-abogado-1024x393-1.png\",\"width\":1024,\"height\":393,\"caption\":\"Estudio Jur\u00eddico D\u00edaz Loayza\"},\"image\":{\"@id\":\"https:\/\/diazloayza.cl\/#\/schema\/logo\/image\/\"}}]}<\/script>\n<!-- \/ Yoast SEO plugin. -->","yoast_head_json":{"title":"Estado Diario - Diaz Loayza Abogado","robots":{"index":"index","follow":"follow","max-snippet":"max-snippet:-1","max-image-preview":"max-image-preview:large","max-video-preview":"max-video-preview:-1"},"canonical":"https:\/\/diazloayza.cl\/index.php\/estado-diario\/","og_locale":"es_ES","og_type":"article","og_title":"Estado Diario - Diaz Loayza Abogado","og_description":"Men\u00fa Nosotros \u00c1rea de Pr\u00e1ctica Servicios Pol\u00edtica de Servicios Recursos Test de Insolvencia Consejos \u00datiles Estado Diario Publicaciones Blog Contacto agenda una hora Estado Diario Listado en que se informa a las partes que se ha dictado una resoluci\u00f3n en un juicio arbitral o en una partici\u00f3n. Abajo puede consultar, en cada d\u00eda, resoluciones\u00a0dictadas. Ver [&hellip;]","og_url":"https:\/\/diazloayza.cl\/index.php\/estado-diario\/","og_site_name":"Diaz Loayza Abogado","article_modified_time":"2023-08-12T04:39:01+00:00","og_image":[{"url":"https:\/\/diazloayza.cl\/wp-content\/uploads\/2021\/03\/Logo2021-abogado-768x295.png","type":"","width":"","height":""}],"twitter_card":"summary_large_image","twitter_misc":{"Tiempo de lectura":"1 minuto"},"schema":{"@context":"https:\/\/schema.org","@graph":[{"@type":"WebPage","@id":"https:\/\/diazloayza.cl\/index.php\/estado-diario\/","url":"https:\/\/diazloayza.cl\/index.php\/estado-diario\/","name":"Estado Diario - Diaz Loayza Abogado","isPartOf":{"@id":"https:\/\/diazloayza.cl\/#website"},"primaryImageOfPage":{"@id":"https:\/\/diazloayza.cl\/index.php\/estado-diario\/#primaryimage"},"image":{"@id":"https:\/\/diazloayza.cl\/index.php\/estado-diario\/#primaryimage"},"thumbnailUrl":"https:\/\/diazloayza.cl\/wp-content\/uploads\/2021\/03\/Logo2021-abogado-768x295.png","datePublished":"2021-09-06T23:43:08+00:00","dateModified":"2023-08-12T04:39:01+00:00","breadcrumb":{"@id":"https:\/\/diazloayza.cl\/index.php\/estado-diario\/#breadcrumb"},"inLanguage":"es","potentialAction":[{"@type":"ReadAction","target":["https:\/\/diazloayza.cl\/index.php\/estado-diario\/"]}]},{"@type":"ImageObject","inLanguage":"es","@id":"https:\/\/diazloayza.cl\/index.php\/estado-diario\/#primaryimage","url":"https:\/\/diazloayza.cl\/wp-content\/uploads\/2021\/03\/Logo2021-abogado-768x295.png","contentUrl":"https:\/\/diazloayza.cl\/wp-content\/uploads\/2021\/03\/Logo2021-abogado-768x295.png"},{"@type":"BreadcrumbList","@id":"https:\/\/diazloayza.cl\/index.php\/estado-diario\/#breadcrumb","itemListElement":[{"@type":"ListItem","position":1,"name":"Portada","item":"https:\/\/diazloayza.cl\/"},{"@type":"ListItem","position":2,"name":"Estado Diario"}]},{"@type":"WebSite","@id":"https:\/\/diazloayza.cl\/#website","url":"https:\/\/diazloayza.cl\/","name":"D\u00edaz Loayza Estudio Jur\u00eddico","description":"Estudio Jur\u00eddico","publisher":{"@id":"https:\/\/diazloayza.cl\/#organization"},"potentialAction":[{"@type":"SearchAction","target":{"@type":"EntryPoint","urlTemplate":"https:\/\/diazloayza.cl\/?s={search_term_string}"},"query-input":{"@type":"PropertyValueSpecification","valueRequired":true,"valueName":"search_term_string"}}],"inLanguage":"es"},{"@type":"Organization","@id":"https:\/\/diazloayza.cl\/#organization","name":"Estudio Jur\u00eddico D\u00edaz Loayza","url":"https:\/\/diazloayza.cl\/","logo":{"@type":"ImageObject","inLanguage":"es","@id":"https:\/\/diazloayza.cl\/#\/schema\/logo\/image\/","url":"http:\/\/diazloayza.cl\/wp-content\/uploads\/2021\/10\/Logo2021-abogado-1024x393-1.png","contentUrl":"http:\/\/diazloayza.cl\/wp-content\/uploads\/2021\/10\/Logo2021-abogado-1024x393-1.png","width":1024,"height":393,"caption":"Estudio Jur\u00eddico D\u00edaz Loayza"},"image":{"@id":"https:\/\/diazloayza.cl\/#\/schema\/logo\/image\/"}}]}},"_links":{"self":[{"href":"https:\/\/diazloayza.cl\/index.php\/wp-json\/wp\/v2\/pages\/2162","targetHints":{"allow":["GET"]}}],"collection":[{"href":"https:\/\/diazloayza.cl\/index.php\/wp-json\/wp\/v2\/pages"}],"about":[{"href":"https:\/\/diazloayza.cl\/index.php\/wp-json\/wp\/v2\/types\/page"}],"author":[{"embeddable":true,"href":"https:\/\/diazloayza.cl\/index.php\/wp-json\/wp\/v2\/users\/1"}],"replies":[{"embeddable":true,"href":"https:\/\/diazloayza.cl\/index.php\/wp-json\/wp\/v2\/comments?post=2162"}],"version-history":[{"count":45,"href":"https:\/\/diazloayza.cl\/index.php\/wp-json\/wp\/v2\/pages\/2162\/revisions"}],"predecessor-version":[{"id":2788,"href":"https:\/\/diazloayza.cl\/index.php\/wp-json\/wp\/v2\/pages\/2162\/revisions\/2788"}],"wp:attachment":[{"href":"https:\/\/diazloayza.cl\/index.php\/wp-json\/wp\/v2\/media?parent=2162"}],"curies":[{"name":"wp","href":"https:\/\/api.w.org\/{rel}","templated":true}]}}